{"id":646,"date":"2025-05-15T23:08:07","date_gmt":"2025-05-15T23:08:07","guid":{"rendered":"https:\/\/mineralscrystal.com\/?post_type=product&#038;p=646"},"modified":"2026-04-14T09:57:55","modified_gmt":"2026-04-14T09:57:55","slug":"geode-de-quartz-naturelle","status":"publish","type":"product","link":"https:\/\/mineralscrystal.com\/fr\/produit\/geode-de-quartz-naturelle\/","title":{"rendered":"g\u00e9ode de quartz naturelle"},"content":{"rendered":"<p>* *Origine* : Maroc<br \/>\n* *Dimensions* : 18,7 x 14,9 x 13,7 cm<br \/>\n* *Poids* : 4,36 kg<br \/>\n* *Type* : Pi\u00e8ce unique \u2013 Photos r\u00e9elles du produit<\/p>","protected":false},"excerpt":{"rendered":"<p>D\u00e9couvrez cette *g\u00e9ode de quartz naturelle* exceptionnelle, issue directement des *mines marocaines* r\u00e9put\u00e9es pour la richesse de leurs *min\u00e9raux \u00e0 cristaux. Elle appartient \u00e0 la famille des **silicates* et est compos\u00e9e principalement de *silicium*, un \u00e9l\u00e9ment essentiel dans la formation des cristaux.<\/p>","protected":false},"featured_media":647,"comment_status":"open","ping_status":"closed","template":"","meta":{"_uag_custom_page_level_css":""},"product_brand":[],"product_cat":[15,18],"product_tag":[],"class_list":{"0":"post-646","1":"product","2":"type-product","3":"status-publish","4":"has-post-thumbnail","6":"product_cat-uncategorized","7":"product_cat-geode","9":"first","10":"instock","11":"shipping-taxable","12":"purchasable","13":"product-type-simple"},"uagb_featured_image_src":{"full":["https:\/\/mineralscrystal.com\/wp-content\/uploads\/2025\/05\/5850612199188451209.jpg",1008,756,false],"thumbnail":["https:\/\/mineralscrystal.com\/wp-content\/uploads\/2025\/05\/5850612199188451209-150x150.jpg",150,150,true],"medium":["https:\/\/mineralscrystal.com\/wp-content\/uploads\/2025\/05\/5850612199188451209-300x225.jpg",300,225,true],"medium_large":["https:\/\/mineralscrystal.com\/wp-content\/uploads\/2025\/05\/5850612199188451209-768x576.jpg",768,576,true],"large":["https:\/\/mineralscrystal.com\/wp-content\/uploads\/2025\/05\/5850612199188451209.jpg",1008,756,false],"1536x1536":["https:\/\/mineralscrystal.com\/wp-content\/uploads\/2025\/05\/5850612199188451209.jpg",1008,756,false],"2048x2048":["https:\/\/mineralscrystal.com\/wp-content\/uploads\/2025\/05\/5850612199188451209.jpg",1008,756,false],"trp-custom-language-flag":["https:\/\/mineralscrystal.com\/wp-content\/uploads\/2025\/05\/5850612199188451209-16x12.jpg",16,12,true],"woocommerce_thumbnail":["https:\/\/mineralscrystal.com\/wp-content\/uploads\/2025\/05\/5850612199188451209-300x300.jpg",300,300,true],"woocommerce_single":["https:\/\/mineralscrystal.com\/wp-content\/uploads\/2025\/05\/5850612199188451209-600x450.jpg",600,450,true],"woocommerce_gallery_thumbnail":["https:\/\/mineralscrystal.com\/wp-content\/uploads\/2025\/05\/5850612199188451209-100x100.jpg",100,100,true],"variation_swatches_image_size":["https:\/\/mineralscrystal.com\/wp-content\/uploads\/2025\/05\/5850612199188451209-50x50.jpg",50,50,true],"variation_swatches_tooltip_size":["https:\/\/mineralscrystal.com\/wp-content\/uploads\/2025\/05\/5850612199188451209-100x100.jpg",100,100,true]},"uagb_author_info":{"display_name":"ditaflower199@gmail.com","author_link":"https:\/\/mineralscrystal.com\/fr\/author\/"},"uagb_comment_info":0,"uagb_excerpt":"D\u00e9couvrez cette *g\u00e9ode de quartz naturelle* exceptionnelle, issue directement des *mines marocaines* r\u00e9put\u00e9es pour la richesse de leurs *min\u00e9raux \u00e0 cristaux. Elle appartient \u00e0 la famille des **silicates* et est compos\u00e9e principalement de *silicium*, un \u00e9l\u00e9ment essentiel dans la formation des cristaux.","_links":{"self":[{"href":"https:\/\/mineralscrystal.com\/fr\/wp-json\/wp\/v2\/product\/646","targetHints":{"allow":["GET"]}}],"collection":[{"href":"https:\/\/mineralscrystal.com\/fr\/wp-json\/wp\/v2\/product"}],"about":[{"href":"https:\/\/mineralscrystal.com\/fr\/wp-json\/wp\/v2\/types\/product"}],"replies":[{"embeddable":true,"href":"https:\/\/mineralscrystal.com\/fr\/wp-json\/wp\/v2\/comments?post=646"}],"wp:featuredmedia":[{"embeddable":true,"href":"https:\/\/mineralscrystal.com\/fr\/wp-json\/wp\/v2\/media\/647"}],"wp:attachment":[{"href":"https:\/\/mineralscrystal.com\/fr\/wp-json\/wp\/v2\/media?parent=646"}],"wp:term":[{"taxonomy":"product_brand","embeddable":true,"href":"https:\/\/mineralscrystal.com\/fr\/wp-json\/wp\/v2\/product_brand?post=646"},{"taxonomy":"product_cat","embeddable":true,"href":"https:\/\/mineralscrystal.com\/fr\/wp-json\/wp\/v2\/product_cat?post=646"},{"taxonomy":"product_tag","embeddable":true,"href":"https:\/\/mineralscrystal.com\/fr\/wp-json\/wp\/v2\/product_tag?post=646"}],"curies":[{"name":"wp","href":"https:\/\/api.w.org\/{rel}","templated":true}]}}