{"id":607,"date":"2025-05-09T10:39:53","date_gmt":"2025-05-09T10:39:53","guid":{"rendered":"https:\/\/mineralscrystal.com\/?post_type=product&#038;p=607"},"modified":"2025-09-12T09:22:40","modified_gmt":"2025-09-12T09:22:40","slug":"amethyst","status":"publish","type":"product","link":"https:\/\/mineralscrystal.com\/fr\/produit\/amethyst\/","title":{"rendered":"L\u2019am\u00e9thyste du Maroc : entre myst\u00e8re et \u00e9nergie"},"content":{"rendered":"<p>longez dans l\u2019univers mystique de l\u2019am\u00e9thyste, une pierre d\u2019un violet profond, symbole de paix int\u00e9rieure et de clart\u00e9 mentale. Appr\u00e9ci\u00e9e depuis des si\u00e8cles pour ses vertus spirituelles, elle est \u00e9galement pris\u00e9e au Maroc pour sa beaut\u00e9 naturelle et sa puissance \u00e9nerg\u00e9tique. Ce quartz exceptionnel raconte une histoire mill\u00e9naire, riche en symboles et en \u00e9nergie douce. Laissez-vous s\u00e9duire par ses bienfaits harmonisants pour le corps et l\u2019\u00e2me.<\/p>","protected":false},"excerpt":{"rendered":"<p>&#8230;<\/p>","protected":false},"featured_media":609,"comment_status":"open","ping_status":"closed","template":"","meta":{"_uag_custom_page_level_css":""},"product_brand":[],"product_cat":[15],"product_tag":[],"class_list":{"0":"post-607","1":"product","2":"type-product","3":"status-publish","4":"has-post-thumbnail","6":"product_cat-uncategorized","8":"first","9":"instock","10":"shipping-taxable","11":"purchasable","12":"product-type-simple"},"uagb_featured_image_src":{"full":["https:\/\/mineralscrystal.com\/wp-content\/uploads\/2025\/05\/\u0646\u0635-\u0641\u0642\u0631\u062a\u0643-1.png",2000,1500,false],"thumbnail":["https:\/\/mineralscrystal.com\/wp-content\/uploads\/2025\/05\/\u0646\u0635-\u0641\u0642\u0631\u062a\u0643-1-150x150.png",150,150,true],"medium":["https:\/\/mineralscrystal.com\/wp-content\/uploads\/2025\/05\/\u0646\u0635-\u0641\u0642\u0631\u062a\u0643-1-300x225.png",300,225,true],"medium_large":["https:\/\/mineralscrystal.com\/wp-content\/uploads\/2025\/05\/\u0646\u0635-\u0641\u0642\u0631\u062a\u0643-1-768x576.png",768,576,true],"large":["https:\/\/mineralscrystal.com\/wp-content\/uploads\/2025\/05\/\u0646\u0635-\u0641\u0642\u0631\u062a\u0643-1-1024x768.png",1024,768,true],"1536x1536":["https:\/\/mineralscrystal.com\/wp-content\/uploads\/2025\/05\/\u0646\u0635-\u0641\u0642\u0631\u062a\u0643-1-1536x1152.png",1536,1152,true],"2048x2048":["https:\/\/mineralscrystal.com\/wp-content\/uploads\/2025\/05\/\u0646\u0635-\u0641\u0642\u0631\u062a\u0643-1.png",2000,1500,false],"trp-custom-language-flag":["https:\/\/mineralscrystal.com\/wp-content\/uploads\/2025\/05\/\u0646\u0635-\u0641\u0642\u0631\u062a\u0643-1-16x12.png",16,12,true],"woocommerce_thumbnail":["https:\/\/mineralscrystal.com\/wp-content\/uploads\/2025\/05\/\u0646\u0635-\u0641\u0642\u0631\u062a\u0643-1-300x300.png",300,300,true],"woocommerce_single":["https:\/\/mineralscrystal.com\/wp-content\/uploads\/2025\/05\/\u0646\u0635-\u0641\u0642\u0631\u062a\u0643-1-600x450.png",600,450,true],"woocommerce_gallery_thumbnail":["https:\/\/mineralscrystal.com\/wp-content\/uploads\/2025\/05\/\u0646\u0635-\u0641\u0642\u0631\u062a\u0643-1-100x100.png",100,100,true],"variation_swatches_image_size":["https:\/\/mineralscrystal.com\/wp-content\/uploads\/2025\/05\/\u0646\u0635-\u0641\u0642\u0631\u062a\u0643-1-50x50.png",50,50,true],"variation_swatches_tooltip_size":["https:\/\/mineralscrystal.com\/wp-content\/uploads\/2025\/05\/\u0646\u0635-\u0641\u0642\u0631\u062a\u0643-1-100x100.png",100,100,true]},"uagb_author_info":{"display_name":"ditaflower199@gmail.com","author_link":"https:\/\/mineralscrystal.com\/fr\/author\/"},"uagb_comment_info":0,"uagb_excerpt":"...","_links":{"self":[{"href":"https:\/\/mineralscrystal.com\/fr\/wp-json\/wp\/v2\/product\/607","targetHints":{"allow":["GET"]}}],"collection":[{"href":"https:\/\/mineralscrystal.com\/fr\/wp-json\/wp\/v2\/product"}],"about":[{"href":"https:\/\/mineralscrystal.com\/fr\/wp-json\/wp\/v2\/types\/product"}],"replies":[{"embeddable":true,"href":"https:\/\/mineralscrystal.com\/fr\/wp-json\/wp\/v2\/comments?post=607"}],"wp:featuredmedia":[{"embeddable":true,"href":"https:\/\/mineralscrystal.com\/fr\/wp-json\/wp\/v2\/media\/609"}],"wp:attachment":[{"href":"https:\/\/mineralscrystal.com\/fr\/wp-json\/wp\/v2\/media?parent=607"}],"wp:term":[{"taxonomy":"product_brand","embeddable":true,"href":"https:\/\/mineralscrystal.com\/fr\/wp-json\/wp\/v2\/product_brand?post=607"},{"taxonomy":"product_cat","embeddable":true,"href":"https:\/\/mineralscrystal.com\/fr\/wp-json\/wp\/v2\/product_cat?post=607"},{"taxonomy":"product_tag","embeddable":true,"href":"https:\/\/mineralscrystal.com\/fr\/wp-json\/wp\/v2\/product_tag?post=607"}],"curies":[{"name":"wp","href":"https:\/\/api.w.org\/{rel}","templated":true}]}}