{"id":521,"date":"2025-03-12T17:29:13","date_gmt":"2025-03-12T17:29:13","guid":{"rendered":"https:\/\/mineralscrystal.com\/?post_type=product&#038;p=521"},"modified":"2025-04-04T10:07:10","modified_gmt":"2025-04-04T10:07:10","slug":"natural-chalcedony-stones-handpicked-directly-from-the-source","status":"publish","type":"product","link":"https:\/\/mineralscrystal.com\/fr\/produit\/natural-chalcedony-stones-handpicked-directly-from-the-source\/","title":{"rendered":"Pierres de calc\u00e9doine naturelle \u2013 S\u00e9lectionn\u00e9es \u00e0 la main directement \u00e0 la source."},"content":{"rendered":"<p>La beaut\u00e9 de la nature avec cette collection exclusive de pierres de calc\u00e9doine naturelle, soigneusement s\u00e9lectionn\u00e9es \u00e0 la main directement \u00e0 la source ! Ces pierres magnifiques, reconnues pour leurs d\u00e9grad\u00e9s de couleurs uniques et leurs motifs complexes, sont parfaites pour les collectionneurs de min\u00e9raux, les designers et les amateurs d\u2019\u00e9nergie naturelle.<\/p>\n<p>\u2705 Pierres 100 % naturelles et non trait\u00e9es<br \/>\n\u2705 S\u00e9lectionn\u00e9es \u00e0 la main directement \u00e0 la source<br \/>\n\u2705 Tailles et formes vari\u00e9es pour diff\u00e9rentes utilisations<\/p>\n<p>Je suis sur place, l\u00e0 o\u00f9 ces pierres sont extraites, garantissant la meilleure qualit\u00e9 et les meilleurs prix directement depuis la mine ! Poss\u00e9dez une pi\u00e8ce unique, impr\u00e9gn\u00e9e de l\u2019\u00e9nergie et de la beaut\u00e9 naturelle de la Terre.<\/p>\n<p>\u26a1 Stock limit\u00e9 \u2013 Commandez d\u00e8s maintenant !<\/p>","protected":false},"excerpt":{"rendered":"<p>&#8230;<\/p>","protected":false},"featured_media":522,"comment_status":"open","ping_status":"closed","template":"","meta":{"_uag_custom_page_level_css":""},"product_brand":[],"product_cat":[26],"product_tag":[],"class_list":{"0":"post-521","1":"product","2":"type-product","3":"status-publish","4":"has-post-thumbnail","6":"product_cat-amethyst","8":"first","9":"instock","10":"virtual","11":"purchasable","12":"product-type-simple"},"uagb_featured_image_src":{"full":["https:\/\/mineralscrystal.com\/wp-content\/uploads\/2025\/03\/5949419300517431981.jpg",367,528,false],"thumbnail":["https:\/\/mineralscrystal.com\/wp-content\/uploads\/2025\/03\/5949419300517431981-150x150.jpg",150,150,true],"medium":["https:\/\/mineralscrystal.com\/wp-content\/uploads\/2025\/03\/5949419300517431981-209x300.jpg",209,300,true],"medium_large":["https:\/\/mineralscrystal.com\/wp-content\/uploads\/2025\/03\/5949419300517431981.jpg",367,528,false],"large":["https:\/\/mineralscrystal.com\/wp-content\/uploads\/2025\/03\/5949419300517431981.jpg",367,528,false],"1536x1536":["https:\/\/mineralscrystal.com\/wp-content\/uploads\/2025\/03\/5949419300517431981.jpg",367,528,false],"2048x2048":["https:\/\/mineralscrystal.com\/wp-content\/uploads\/2025\/03\/5949419300517431981.jpg",367,528,false],"trp-custom-language-flag":["https:\/\/mineralscrystal.com\/wp-content\/uploads\/2025\/03\/5949419300517431981-8x12.jpg",8,12,true],"woocommerce_thumbnail":["https:\/\/mineralscrystal.com\/wp-content\/uploads\/2025\/03\/5949419300517431981-300x300.jpg",300,300,true],"woocommerce_single":["https:\/\/mineralscrystal.com\/wp-content\/uploads\/2025\/03\/5949419300517431981.jpg",367,528,false],"woocommerce_gallery_thumbnail":["https:\/\/mineralscrystal.com\/wp-content\/uploads\/2025\/03\/5949419300517431981-100x100.jpg",100,100,true],"variation_swatches_image_size":["https:\/\/mineralscrystal.com\/wp-content\/uploads\/2025\/03\/5949419300517431981-50x50.jpg",50,50,true],"variation_swatches_tooltip_size":["https:\/\/mineralscrystal.com\/wp-content\/uploads\/2025\/03\/5949419300517431981-100x100.jpg",100,100,true]},"uagb_author_info":{"display_name":"ditaflower199@gmail.com","author_link":"https:\/\/mineralscrystal.com\/fr\/author\/"},"uagb_comment_info":0,"uagb_excerpt":"...","_links":{"self":[{"href":"https:\/\/mineralscrystal.com\/fr\/wp-json\/wp\/v2\/product\/521","targetHints":{"allow":["GET"]}}],"collection":[{"href":"https:\/\/mineralscrystal.com\/fr\/wp-json\/wp\/v2\/product"}],"about":[{"href":"https:\/\/mineralscrystal.com\/fr\/wp-json\/wp\/v2\/types\/product"}],"replies":[{"embeddable":true,"href":"https:\/\/mineralscrystal.com\/fr\/wp-json\/wp\/v2\/comments?post=521"}],"wp:featuredmedia":[{"embeddable":true,"href":"https:\/\/mineralscrystal.com\/fr\/wp-json\/wp\/v2\/media\/522"}],"wp:attachment":[{"href":"https:\/\/mineralscrystal.com\/fr\/wp-json\/wp\/v2\/media?parent=521"}],"wp:term":[{"taxonomy":"product_brand","embeddable":true,"href":"https:\/\/mineralscrystal.com\/fr\/wp-json\/wp\/v2\/product_brand?post=521"},{"taxonomy":"product_cat","embeddable":true,"href":"https:\/\/mineralscrystal.com\/fr\/wp-json\/wp\/v2\/product_cat?post=521"},{"taxonomy":"product_tag","embeddable":true,"href":"https:\/\/mineralscrystal.com\/fr\/wp-json\/wp\/v2\/product_tag?post=521"}],"curies":[{"name":"wp","href":"https:\/\/api.w.org\/{rel}","templated":true}]}}