{"id":573,"date":"2025-04-06T17:34:59","date_gmt":"2025-04-06T17:34:59","guid":{"rendered":"https:\/\/mineralscrystal.com\/?page_id=573"},"modified":"2025-05-09T13:42:11","modified_gmt":"2025-05-09T13:42:11","slug":"the-amethyst-mine-story","status":"publish","type":"page","link":"https:\/\/mineralscrystal.com\/fr\/the-amethyst-mine-story\/","title":{"rendered":"The Amethyst Mine Story:"},"content":{"rendered":"<div data-elementor-type=\"wp-page\" data-elementor-id=\"573\" class=\"elementor elementor-573\">\n\t\t\t\t<div class=\"elementor-element elementor-element-e32e7fe e-flex e-con-boxed e-con e-parent\" data-id=\"e32e7fe\" data-element_type=\"container\" data-e-type=\"container\">\n\t\t\t\t\t<div class=\"e-con-inner\">\n\t\t<div class=\"elementor-element elementor-element-e6728a5 e-con-full e-flex e-con e-child\" data-id=\"e6728a5\" data-element_type=\"container\" data-e-type=\"container\">\n\t\t\t\t<div class=\"elementor-element elementor-element-5a2ab2b elementor-widget elementor-widget-heading\" data-id=\"5a2ab2b\" data-element_type=\"widget\" data-e-type=\"widget\" data-widget_type=\"heading.default\">\n\t\t\t\t<div class=\"elementor-widget-container\">\n\t\t\t\t\t<h6 class=\"elementor-heading-title elementor-size-default\">L\u2019Histoire de la Mine d\u2019Am\u00e9thyste<br> Un Tr\u00e9sor Cach\u00e9 au C\u0153ur de Sidi Rahal\nIl y a plus de 100 ans, un homme venu de Marrakech a d\u00e9couvert un secret bien gard\u00e9 dans les collines proches du village d\u2019*Aqsri*, pr\u00e8s de Sidi Rahal. Il logeait chez un habitant du coin et partait discr\u00e8tement creuser dans la roche, \u00e0 la recherche d\u2019un tr\u00e9sor naturel : l\u2019am\u00e9thyste brute. Il gardait tout cela secret et vendait les pierres pr\u00e9cieuses \u00e0 Marrakech, empochant les gains sans rien dire \u00e0 personne.<\/h6>\t\t\t\t<\/div>\n\t\t\t\t<\/div>\n\t\t\t\t<\/div>\n\t\t<div class=\"elementor-element elementor-element-91cba72 e-con-full e-flex e-con e-child\" data-id=\"91cba72\" data-element_type=\"container\" data-e-type=\"container\">\n\t\t\t\t<div class=\"elementor-element elementor-element-def871d elementor-widget elementor-widget-image\" data-id=\"def871d\" data-element_type=\"widget\" data-e-type=\"widget\" data-widget_type=\"image.default\">\n\t\t\t\t<div class=\"elementor-widget-container\">\n\t\t\t\t\t\t\t\t\t\t\t\t\t\t\t<img fetchpriority=\"high\" decoding=\"async\" width=\"662\" height=\"497\" src=\"https:\/\/mineralscrystal.com\/wp-content\/uploads\/2025\/04\/6023753330301454800.jpg\" class=\"attachment-large size-large wp-image-575\" alt=\"\" srcset=\"https:\/\/mineralscrystal.com\/wp-content\/uploads\/2025\/04\/6023753330301454800.jpg 662w, https:\/\/mineralscrystal.com\/wp-content\/uploads\/2025\/04\/6023753330301454800-300x225.jpg 300w, https:\/\/mineralscrystal.com\/wp-content\/uploads\/2025\/04\/6023753330301454800-16x12.jpg 16w, https:\/\/mineralscrystal.com\/wp-content\/uploads\/2025\/04\/6023753330301454800-600x450.jpg 600w\" sizes=\"(max-width: 662px) 100vw, 662px\" \/>\t\t\t\t\t\t\t\t\t\t\t\t\t\t\t<\/div>\n\t\t\t\t<\/div>\n\t\t\t\t<\/div>\n\t\t<div class=\"elementor-element elementor-element-ab8019b e-con-full e-flex e-con e-child\" data-id=\"ab8019b\" data-element_type=\"container\" data-e-type=\"container\">\n\t\t\t\t<div class=\"elementor-element elementor-element-4af03b1 elementor-widget elementor-widget-heading\" data-id=\"4af03b1\" data-element_type=\"widget\" data-e-type=\"widget\" data-widget_type=\"heading.default\">\n\t\t\t\t<div class=\"elementor-widget-container\">\n\t\t\t\t\t<h6 class=\"elementor-heading-title elementor-size-default\">Mon grand-p\u00e8re faisait partie de ces hommes. C\u2019est lui qui m\u2019a racont\u00e9 cette histoire. Aujourd\u2019hui, je vis toujours dans cette r\u00e9gion, et je suis guide touristique pour les passionn\u00e9s de pierres pr\u00e9cieuses. Je propose aussi des pierres d\u2019am\u00e9thyste authentiques, extraites directement de cette mine l\u00e9gendaire.\n\nSi vous \u00eates passionn\u00e9(e) par les pierres naturelles ou si vous souhaitez explorer un lieu authentique et myst\u00e9rieux du Maroc, je serai ravi de vous accueillir.  \nJe propose des visites guid\u00e9es de la mine \u00e0 un prix abordable, et vous pouvez \u00e9galement acheter des pierres d\u2019am\u00e9thyste avec un certificat d\u2019origine et l\u2019histoire unique de chaque pi\u00e8ce.\n\nSoutenez ce patrimoine vivant \u2014 offrez-vous un morceau d\u2019histoire.  \nChaque pierre raconte une histoire. Chaque visite est une aventure.<\/h6>\t\t\t\t<\/div>\n\t\t\t\t<\/div>\n\t\t\t\t<\/div>\n\t\t<div class=\"elementor-element elementor-element-3f68580 e-con-full e-flex e-con e-child\" data-id=\"3f68580\" data-element_type=\"container\" data-e-type=\"container\">\n\t\t\t\t<div class=\"elementor-element elementor-element-2f44a10 elementor-widget elementor-widget-image\" data-id=\"2f44a10\" data-element_type=\"widget\" data-e-type=\"widget\" data-widget_type=\"image.default\">\n\t\t\t\t<div class=\"elementor-widget-container\">\n\t\t\t\t\t\t\t\t\t\t\t\t\t\t\t<img decoding=\"async\" width=\"662\" height=\"497\" src=\"https:\/\/mineralscrystal.com\/wp-content\/uploads\/2025\/04\/6023753330301454802.jpg\" class=\"attachment-large size-large wp-image-576\" alt=\"\" srcset=\"https:\/\/mineralscrystal.com\/wp-content\/uploads\/2025\/04\/6023753330301454802.jpg 662w, https:\/\/mineralscrystal.com\/wp-content\/uploads\/2025\/04\/6023753330301454802-300x225.jpg 300w, https:\/\/mineralscrystal.com\/wp-content\/uploads\/2025\/04\/6023753330301454802-16x12.jpg 16w, https:\/\/mineralscrystal.com\/wp-content\/uploads\/2025\/04\/6023753330301454802-600x450.jpg 600w\" sizes=\"(max-width: 662px) 100vw, 662px\" \/>\t\t\t\t\t\t\t\t\t\t\t\t\t\t\t<\/div>\n\t\t\t\t<\/div>\n\t\t\t\t<\/div>\n\t\t\t\t\t<\/div>\n\t\t\t\t<\/div>\n\t\t\t\t<\/div>","protected":false},"excerpt":{"rendered":"<p>&#8230;<\/p>","protected":false},"author":1,"featured_media":0,"parent":0,"menu_order":0,"comment_status":"closed","ping_status":"closed","template":"","meta":{"_uag_custom_page_level_css":"","footnotes":""},"class_list":["post-573","page","type-page","status-publish","hentry"],"uagb_featured_image_src":{"full":false,"thumbnail":false,"medium":false,"medium_large":false,"large":false,"1536x1536":false,"2048x2048":false,"trp-custom-language-flag":false,"woocommerce_thumbnail":false,"woocommerce_single":false,"woocommerce_gallery_thumbnail":false,"variation_swatches_image_size":false,"variation_swatches_tooltip_size":false},"uagb_author_info":{"display_name":"ditaflower199@gmail.com","author_link":"https:\/\/mineralscrystal.com\/fr\/author\/ditaflower199gmail-com\/"},"uagb_comment_info":0,"uagb_excerpt":"...","_links":{"self":[{"href":"https:\/\/mineralscrystal.com\/fr\/wp-json\/wp\/v2\/pages\/573","targetHints":{"allow":["GET"]}}],"collection":[{"href":"https:\/\/mineralscrystal.com\/fr\/wp-json\/wp\/v2\/pages"}],"about":[{"href":"https:\/\/mineralscrystal.com\/fr\/wp-json\/wp\/v2\/types\/page"}],"author":[{"embeddable":true,"href":"https:\/\/mineralscrystal.com\/fr\/wp-json\/wp\/v2\/users\/1"}],"replies":[{"embeddable":true,"href":"https:\/\/mineralscrystal.com\/fr\/wp-json\/wp\/v2\/comments?post=573"}],"version-history":[{"count":19,"href":"https:\/\/mineralscrystal.com\/fr\/wp-json\/wp\/v2\/pages\/573\/revisions"}],"predecessor-version":[{"id":613,"href":"https:\/\/mineralscrystal.com\/fr\/wp-json\/wp\/v2\/pages\/573\/revisions\/613"}],"wp:attachment":[{"href":"https:\/\/mineralscrystal.com\/fr\/wp-json\/wp\/v2\/media?parent=573"}],"curies":[{"name":"wp","href":"https:\/\/api.w.org\/{rel}","templated":true}]}}