{"id":537,"date":"2025-04-04T10:28:43","date_gmt":"2025-04-04T10:28:43","guid":{"rendered":"https:\/\/mineralscrystal.com\/?page_id=537"},"modified":"2025-05-09T13:48:07","modified_gmt":"2025-05-09T13:48:07","slug":"wholease","status":"publish","type":"page","link":"https:\/\/mineralscrystal.com\/fr\/wholease\/","title":{"rendered":"Wholease"},"content":{"rendered":"<div data-elementor-type=\"wp-page\" data-elementor-id=\"537\" class=\"elementor elementor-537\">\n\t\t\t\t<div class=\"elementor-element elementor-element-5eca52f e-flex e-con-boxed e-con e-parent\" data-id=\"5eca52f\" data-element_type=\"container\" data-e-type=\"container\">\n\t\t\t\t\t<div class=\"e-con-inner\">\n\t\t\t\t<div class=\"elementor-element elementor-element-9a6724c elementor-widget elementor-widget-heading\" data-id=\"9a6724c\" data-element_type=\"widget\" data-e-type=\"widget\" data-widget_type=\"heading.default\">\n\t\t\t\t<div class=\"elementor-widget-container\">\n\t\t\t\t\t<h3 class=\"elementor-heading-title elementor-size-default\"><span style=\", sans-serif;text-align: center\">Vente en gros de pierres pr\u00e9cieuses.<\/span><br><\/h3>\t\t\t\t<\/div>\n\t\t\t\t<\/div>\n\t\t\t\t\t<\/div>\n\t\t\t\t<\/div>\n\t\t<div class=\"elementor-element elementor-element-ee9e714 e-flex e-con-boxed e-con e-parent\" data-id=\"ee9e714\" data-element_type=\"container\" data-e-type=\"container\">\n\t\t\t\t\t<div class=\"e-con-inner\">\n\t\t\t\t<div class=\"elementor-element elementor-element-b8d1917 elementor-widget elementor-widget-heading\" data-id=\"b8d1917\" data-element_type=\"widget\" data-e-type=\"widget\" data-widget_type=\"heading.default\">\n\t\t\t\t<div class=\"elementor-widget-container\">\n\t\t\t\t\t<h4 class=\"elementor-heading-title elementor-size-default\">Pierres pr\u00e9cieuses de haute qualit\u00e9 \u00e0 prix de gros \u2013 Id\u00e9ales pour les revendeurs et cr\u00e9ateurs.<\/h4>\t\t\t\t<\/div>\n\t\t\t\t<\/div>\n\t\t\t\t\t<\/div>\n\t\t\t\t<\/div>\n\t\t<div class=\"elementor-element elementor-element-971cfaa e-flex e-con-boxed e-con e-parent\" data-id=\"971cfaa\" data-element_type=\"container\" data-e-type=\"container\">\n\t\t\t\t\t<div class=\"e-con-inner\">\n\t\t<div class=\"elementor-element elementor-element-63baa6d e-con-full e-flex e-con e-child\" data-id=\"63baa6d\" data-element_type=\"container\" data-e-type=\"container\">\n\t\t\t\t<div class=\"elementor-element elementor-element-d258f56 elementor-widget elementor-widget-heading\" data-id=\"d258f56\" data-element_type=\"widget\" data-e-type=\"widget\" data-widget_type=\"heading.default\">\n\t\t\t\t<div class=\"elementor-widget-container\">\n\t\t\t\t\t<h6 class=\"elementor-heading-title elementor-size-default\">Bienvenue dans notre section exclusive de vente en gros, o\u00f9 vous trouverez des pierres pr\u00e9cieuses de qualit\u00e9 sup\u00e9rieure \u00e0 des prix comp\u00e9titifs. Que vous soyez d\u00e9taillant, cr\u00e9ateur de bijoux ou collectionneur, nous proposons des quantit\u00e9s en vrac de pierres naturelles soigneusement s\u00e9lectionn\u00e9es pour r\u00e9pondre \u00e0 vos besoins professionnels.<\/h6>\t\t\t\t<\/div>\n\t\t\t\t<\/div>\n\t\t\t\t<\/div>\n\t\t<div class=\"elementor-element elementor-element-c65c2e6 e-con-full e-flex e-con e-child\" data-id=\"c65c2e6\" data-element_type=\"container\" data-e-type=\"container\">\n\t\t<div class=\"elementor-element elementor-element-17e4376 e-con-full e-flex e-con e-child\" data-id=\"17e4376\" data-element_type=\"container\" data-e-type=\"container\">\n\t\t\t\t<div class=\"elementor-element elementor-element-714a5fa elementor-widget elementor-widget-image\" data-id=\"714a5fa\" data-element_type=\"widget\" data-e-type=\"widget\" data-widget_type=\"image.default\">\n\t\t\t\t<div class=\"elementor-widget-container\">\n\t\t\t\t\t\t\t\t\t\t\t\t\t\t\t<img fetchpriority=\"high\" decoding=\"async\" width=\"1024\" height=\"1024\" src=\"https:\/\/mineralscrystal.com\/wp-content\/uploads\/2025\/04\/5828158878964106315-1-1024x1024.jpg\" class=\"attachment-large size-large wp-image-542\" alt=\"\" srcset=\"https:\/\/mineralscrystal.com\/wp-content\/uploads\/2025\/04\/5828158878964106315-1-1024x1024.jpg 1024w, https:\/\/mineralscrystal.com\/wp-content\/uploads\/2025\/04\/5828158878964106315-1-300x300.jpg 300w, https:\/\/mineralscrystal.com\/wp-content\/uploads\/2025\/04\/5828158878964106315-1-150x150.jpg 150w, https:\/\/mineralscrystal.com\/wp-content\/uploads\/2025\/04\/5828158878964106315-1-768x768.jpg 768w, https:\/\/mineralscrystal.com\/wp-content\/uploads\/2025\/04\/5828158878964106315-1-12x12.jpg 12w, https:\/\/mineralscrystal.com\/wp-content\/uploads\/2025\/04\/5828158878964106315-1-600x600.jpg 600w, https:\/\/mineralscrystal.com\/wp-content\/uploads\/2025\/04\/5828158878964106315-1-100x100.jpg 100w, https:\/\/mineralscrystal.com\/wp-content\/uploads\/2025\/04\/5828158878964106315-1-50x50.jpg 50w, https:\/\/mineralscrystal.com\/wp-content\/uploads\/2025\/04\/5828158878964106315-1.jpg 1280w\" sizes=\"(max-width: 1024px) 100vw, 1024px\" \/>\t\t\t\t\t\t\t\t\t\t\t\t\t\t\t<\/div>\n\t\t\t\t<\/div>\n\t\t\t\t<\/div>\n\t\t<div class=\"elementor-element elementor-element-e8d5a47 e-con-full e-flex e-con e-child\" data-id=\"e8d5a47\" data-element_type=\"container\" data-e-type=\"container\">\n\t\t\t\t<div class=\"elementor-element elementor-element-4f2b23d elementor-widget elementor-widget-image\" data-id=\"4f2b23d\" data-element_type=\"widget\" data-e-type=\"widget\" data-widget_type=\"image.default\">\n\t\t\t\t<div class=\"elementor-widget-container\">\n\t\t\t\t\t\t\t\t\t\t\t\t\t\t\t<img decoding=\"async\" width=\"1024\" height=\"1024\" src=\"https:\/\/mineralscrystal.com\/wp-content\/uploads\/2025\/04\/5828158878964106317-1024x1024.jpg\" class=\"attachment-large size-large wp-image-541\" alt=\"\" srcset=\"https:\/\/mineralscrystal.com\/wp-content\/uploads\/2025\/04\/5828158878964106317-1024x1024.jpg 1024w, https:\/\/mineralscrystal.com\/wp-content\/uploads\/2025\/04\/5828158878964106317-300x300.jpg 300w, https:\/\/mineralscrystal.com\/wp-content\/uploads\/2025\/04\/5828158878964106317-150x150.jpg 150w, https:\/\/mineralscrystal.com\/wp-content\/uploads\/2025\/04\/5828158878964106317-768x768.jpg 768w, https:\/\/mineralscrystal.com\/wp-content\/uploads\/2025\/04\/5828158878964106317-12x12.jpg 12w, https:\/\/mineralscrystal.com\/wp-content\/uploads\/2025\/04\/5828158878964106317-600x600.jpg 600w, https:\/\/mineralscrystal.com\/wp-content\/uploads\/2025\/04\/5828158878964106317-100x100.jpg 100w, https:\/\/mineralscrystal.com\/wp-content\/uploads\/2025\/04\/5828158878964106317-50x50.jpg 50w, https:\/\/mineralscrystal.com\/wp-content\/uploads\/2025\/04\/5828158878964106317.jpg 1280w\" sizes=\"(max-width: 1024px) 100vw, 1024px\" \/>\t\t\t\t\t\t\t\t\t\t\t\t\t\t\t<\/div>\n\t\t\t\t<\/div>\n\t\t\t\t<\/div>\n\t\t\t\t<\/div>\n\t\t\t\t\t<\/div>\n\t\t\t\t<\/div>\n\t\t\t\t<\/div>","protected":false},"excerpt":{"rendered":"<p>&#8230;<\/p>","protected":false},"author":1,"featured_media":0,"parent":0,"menu_order":0,"comment_status":"closed","ping_status":"closed","template":"","meta":{"_uag_custom_page_level_css":"","footnotes":""},"class_list":["post-537","page","type-page","status-publish","hentry"],"uagb_featured_image_src":{"full":false,"thumbnail":false,"medium":false,"medium_large":false,"large":false,"1536x1536":false,"2048x2048":false,"trp-custom-language-flag":false,"woocommerce_thumbnail":false,"woocommerce_single":false,"woocommerce_gallery_thumbnail":false,"variation_swatches_image_size":false,"variation_swatches_tooltip_size":false},"uagb_author_info":{"display_name":"ditaflower199@gmail.com","author_link":"https:\/\/mineralscrystal.com\/fr\/author\/ditaflower199gmail-com\/"},"uagb_comment_info":0,"uagb_excerpt":"...","_links":{"self":[{"href":"https:\/\/mineralscrystal.com\/fr\/wp-json\/wp\/v2\/pages\/537","targetHints":{"allow":["GET"]}}],"collection":[{"href":"https:\/\/mineralscrystal.com\/fr\/wp-json\/wp\/v2\/pages"}],"about":[{"href":"https:\/\/mineralscrystal.com\/fr\/wp-json\/wp\/v2\/types\/page"}],"author":[{"embeddable":true,"href":"https:\/\/mineralscrystal.com\/fr\/wp-json\/wp\/v2\/users\/1"}],"replies":[{"embeddable":true,"href":"https:\/\/mineralscrystal.com\/fr\/wp-json\/wp\/v2\/comments?post=537"}],"version-history":[{"count":7,"href":"https:\/\/mineralscrystal.com\/fr\/wp-json\/wp\/v2\/pages\/537\/revisions"}],"predecessor-version":[{"id":616,"href":"https:\/\/mineralscrystal.com\/fr\/wp-json\/wp\/v2\/pages\/537\/revisions\/616"}],"wp:attachment":[{"href":"https:\/\/mineralscrystal.com\/fr\/wp-json\/wp\/v2\/media?parent=537"}],"curies":[{"name":"wp","href":"https:\/\/api.w.org\/{rel}","templated":true}]}}